{"id":248,"date":"2026-03-06T19:01:42","date_gmt":"2026-03-06T19:01:42","guid":{"rendered":"http:\/\/localhost\/2001\/?page_id=248"},"modified":"2026-03-06T19:09:53","modified_gmt":"2026-03-06T19:09:53","slug":"terms-and-conditions","status":"publish","type":"page","link":"https:\/\/duemilaunotour.it\/index.php\/terms-and-conditions\/","title":{"rendered":"TERMS AND CONDITIONS"},"content":{"rendered":"<style>.elementor-248 .elementor-element.elementor-element-64363636 > .elementor-container{max-width:1240px;min-height:400px;}.elementor-248 .elementor-element.elementor-element-64363636:not(.elementor-motion-effects-element-type-background), .elementor-248 .elementor-element.elementor-element-64363636 > .elementor-motion-effects-container > .elementor-motion-effects-layer{background-image:url(\"https:\/\/duemilaunotour.it\/wp-content\/uploads\/2026\/03\/happy-couple-in-cappadocia-the-man-proposed-to-the-girl-honeymoon-in-cappadocia.jpg\");background-position:center center;background-size:cover;}.elementor-248 .elementor-element.elementor-element-64363636 > .elementor-background-overlay{background-color:#000000;opacity:0.5;transition:background 0.3s, border-radius 0.3s, opacity 0.3s;}.elementor-248 .elementor-element.elementor-element-64363636{transition:background 0.3s, border 0.3s, border-radius 0.3s, box-shadow 0.3s;padding:200px 0px 100px 0px;}.elementor-248 .elementor-element.elementor-element-7550ce6b > .elementor-container{max-width:1240px;}.elementor-248 .elementor-element.elementor-element-7550ce6b{padding:0% 50% 0% 0%;}.elementor-248 .elementor-element.elementor-element-129eea27 > .elementor-element-populated{margin:0px 0px 0px 0px;--e-column-margin-right:0px;--e-column-margin-left:0px;}.elementor-widget-icon-list .elementor-icon-list-item:not(:last-child):after{border-color:var( --e-global-color-text );}.elementor-widget-icon-list .elementor-icon-list-icon i{color:var( --e-global-color-primary );}.elementor-widget-icon-list .elementor-icon-list-icon svg{fill:var( --e-global-color-primary );}.elementor-widget-icon-list .elementor-icon-list-item > .elementor-icon-list-text, .elementor-widget-icon-list .elementor-icon-list-item > a{font-family:var( --e-global-typography-text-font-family ), Sans-serif;font-weight:var( --e-global-typography-text-font-weight );}.elementor-widget-icon-list .elementor-icon-list-text{color:var( --e-global-color-secondary );}.elementor-248 .elementor-element.elementor-element-ffe5348 .elementor-icon-list-items:not(.elementor-inline-items) .elementor-icon-list-item:not(:last-child){padding-block-end:calc(10px\/2);}.elementor-248 .elementor-element.elementor-element-ffe5348 .elementor-icon-list-items:not(.elementor-inline-items) .elementor-icon-list-item:not(:first-child){margin-block-start:calc(10px\/2);}.elementor-248 .elementor-element.elementor-element-ffe5348 .elementor-icon-list-items.elementor-inline-items .elementor-icon-list-item{margin-inline:calc(10px\/2);}.elementor-248 .elementor-element.elementor-element-ffe5348 .elementor-icon-list-items.elementor-inline-items{margin-inline:calc(-10px\/2);}.elementor-248 .elementor-element.elementor-element-ffe5348 .elementor-icon-list-items.elementor-inline-items .elementor-icon-list-item:after{inset-inline-end:calc(-10px\/2);}.elementor-248 .elementor-element.elementor-element-ffe5348 .elementor-icon-list-icon i{color:#FFFFFF;transition:color 0.3s;}.elementor-248 .elementor-element.elementor-element-ffe5348 .elementor-icon-list-icon svg{fill:#FFFFFF;transition:fill 0.3s;}.elementor-248 .elementor-element.elementor-element-ffe5348{--e-icon-list-icon-size:12px;--icon-vertical-offset:0px;margin:0px 0px calc(var(--kit-widget-spacing, 0px) + 20px) 0px;padding:6px 20px 6px 20px;width:auto;max-width:auto;background-color:#FFFFFF0D;border-style:solid;border-width:1px 1px 1px 1px;border-color:#FFFFFF36;border-radius:50px 50px 50px 50px;}.elementor-248 .elementor-element.elementor-element-ffe5348 .elementor-icon-list-icon{padding-inline-end:2px;}.elementor-248 .elementor-element.elementor-element-ffe5348 .elementor-icon-list-text{color:#FFFFFF;transition:color 0.3s;}.elementor-248 .elementor-element.elementor-element-ffe5348.elementor-widget, .elementor-248 .elementor-element.elementor-element-ffe5348.elementor-widget > *{position:relative;--jkit-option-enabled:4px;}.elementor-248 .elementor-element.elementor-element-ffe5348.elementor-widget::before{content:\"\";width:100%;height:100%;position:absolute;left:0;top:0;-webkit-backdrop-filter:blur(4px);backdrop-filter:blur(4px);border-radius:inherit;background-color:inherit;}.elementor-widget-heading .elementor-heading-title{font-family:var( --e-global-typography-primary-font-family ), Sans-serif;font-size:var( --e-global-typography-primary-font-size );font-weight:var( --e-global-typography-primary-font-weight );color:var( --e-global-color-primary );}.elementor-248 .elementor-element.elementor-element-3eb7b84a .elementor-heading-title{color:#FFFFFF;}.elementor-248 .elementor-element.elementor-element-4a610208 > .elementor-container{max-width:1240px;}.elementor-248 .elementor-element.elementor-element-4a610208{padding:60px 0px 120px 0px;}.elementor-248 .elementor-element.elementor-element-6893490a > .elementor-container{max-width:580px;}.elementor-248 .elementor-element.elementor-element-6893490a{padding:0% 0% 0% 0%;}.elementor-248 .elementor-element.elementor-element-59d41ad9.elementor-column > .elementor-widget-wrap{justify-content:center;}.elementor-248 .elementor-element.elementor-element-59d41ad9 > .elementor-element-populated{margin:0px 0px 0px 0px;--e-column-margin-right:0px;--e-column-margin-left:0px;}.elementor-248 .elementor-element.elementor-element-6a55ed48{text-align:center;}.elementor-248 .elementor-element.elementor-element-6a55ed48 .elementor-heading-title{color:var( --e-global-color-primary );}.elementor-widget-text-editor{font-family:var( --e-global-typography-text-font-family ), Sans-serif;font-weight:var( --e-global-typography-text-font-weight );color:var( --e-global-color-text );}.elementor-widget-text-editor.elementor-drop-cap-view-stacked .elementor-drop-cap{background-color:var( --e-global-color-primary );}.elementor-widget-text-editor.elementor-drop-cap-view-framed .elementor-drop-cap, .elementor-widget-text-editor.elementor-drop-cap-view-default .elementor-drop-cap{color:var( --e-global-color-primary );border-color:var( --e-global-color-primary );}.elementor-248 .elementor-element.elementor-element-47ed642b{text-align:center;font-family:var( --e-global-typography-text-font-family ), Sans-serif;font-weight:var( --e-global-typography-text-font-weight );margin:0px 0px calc(var(--kit-widget-spacing, 0px) + 0px) 0px;width:var( --container-widget-width, 550px );max-width:550px;--container-widget-width:550px;--container-widget-flex-grow:0;}.elementor-248 .elementor-element.elementor-element-16bdc92 > .elementor-container{max-width:500px;}.elementor-248 .elementor-element.elementor-element-16bdc92:not(.elementor-motion-effects-element-type-background), .elementor-248 .elementor-element.elementor-element-16bdc92 > .elementor-motion-effects-container > .elementor-motion-effects-layer{background-image:url(\"https:\/\/duemilaunotour.it\/wp-content\/uploads\/2026\/03\/chureito-pagoda-at-fuji-mountain-beautiful-japanese-landmarks-and-landscapes.jpg\");background-position:center center;background-repeat:no-repeat;background-size:cover;}.elementor-248 .elementor-element.elementor-element-16bdc92 > .elementor-background-overlay{background-color:#000000;opacity:0.6;transition:background 0.3s, border-radius 0.3s, opacity 0.3s;}.elementor-248 .elementor-element.elementor-element-16bdc92{transition:background 0.3s, border 0.3s, border-radius 0.3s, box-shadow 0.3s;padding:100px 0px 100px 0px;}.elementor-248 .elementor-element.elementor-element-a0c13c9{text-align:center;margin:0px 0px calc(var(--kit-widget-spacing, 0px) + -13px) 0px;}.elementor-248 .elementor-element.elementor-element-a0c13c9 .elementor-heading-title{color:#FFFFFF;}.elementor-248 .elementor-element.elementor-element-40157c2{text-align:center;font-family:var( --e-global-typography-text-font-family ), Sans-serif;font-weight:var( --e-global-typography-text-font-weight );color:#FFFFFF;margin:0px 0px calc(var(--kit-widget-spacing, 0px) + 05px) 0px;}.elementor-248 .elementor-element.elementor-element-cb70d1a .jeg-elementor-kit.jkit-button{text-align:center;}.elementor-248 .elementor-element.elementor-element-cb70d1a .jeg-elementor-kit.jkit-button .jkit-button-wrapper{padding:15px 34px 15px 34px;color:#000000;background-color:#FFFFFF;border-style:solid;border-width:1px 1px 1px 1px;border-color:#00000000;border-radius:50px 50px 50px 50px;}.elementor-248 .elementor-element.elementor-element-cb70d1a .jeg-elementor-kit.jkit-button .jkit-button-wrapper svg{fill:#000000;width:14px;}.elementor-248 .elementor-element.elementor-element-cb70d1a .jeg-elementor-kit.jkit-button .jkit-button-wrapper:hover{color:#000000;}.elementor-248 .elementor-element.elementor-element-cb70d1a .jeg-elementor-kit.jkit-button .jkit-button-wrapper:hover svg{fill:#000000;}.elementor-248 .elementor-element.elementor-element-cb70d1a .jeg-elementor-kit.jkit-button .jkit-button-wrapper i{font-size:14px;}.elementor-248 .elementor-element.elementor-element-cb70d1a .jeg-elementor-kit.jkit-button.icon-position-before .jkit-button-wrapper i, .elementor-248 .elementor-element.elementor-element-cb70d1a .jeg-elementor-kit.jkit-button.icon-position-before .jkit-button-wrapper svg{margin-right:10px;}.elementor-248 .elementor-element.elementor-element-cb70d1a .jeg-elementor-kit.jkit-button.icon-position-after .jkit-button-wrapper i, .elementor-248 .elementor-element.elementor-element-cb70d1a .jeg-elementor-kit.jkit-button.icon-position-after .jkit-button-wrapper svg{margin-left:10px;}.elementor-248 .elementor-element.elementor-element-cb70d1a .jeg-elementor-kit.jkit-button .jkit-button-wrapper i, .elementor-248 .elementor-element.elementor-element-cb70d1a .jeg-elementor-kit.jkit-button .jkit-button-wrapper svg{-webkit-transform:translateY(-1px);-ms-transform:translateY(-1px);-o-transform:translateY(-1px);-moz-transform:translateY(-1px);transform:translateY(-1px);}.elementor-248 .elementor-element.elementor-element-cb70d1a .jeg-elementor-kit.jkit-button .jkit-button-wrapper:not(:hover) > i{color:#000000;}.elementor-248 .elementor-element.elementor-element-cb70d1a .jeg-elementor-kit.jkit-button .jkit-button-wrapper:not(:hover) > svg{fill:#000000;}.elementor-248 .elementor-element.elementor-element-cb70d1a{margin:0px 0px calc(var(--kit-widget-spacing, 0px) + 0px) 0px;}.elementor-248 .elementor-element.elementor-element-92163c7{--display:flex;}.elementor-248 .elementor-element.elementor-element-c0885a6{--spacer-size:50px;}:root{--page-title-display:none;}@media(min-width:768px){.elementor-248 .elementor-element.elementor-element-129eea27{width:100%;}}@media(max-width:1024px){.elementor-248 .elementor-element.elementor-element-64363636{padding:180px 0px 80px 0px;}.elementor-248 .elementor-element.elementor-element-7661ebfb > .elementor-element-populated{padding:0px 20px 0px 20px;}.elementor-248 .elementor-element.elementor-element-7550ce6b{padding:0% 0% 0% 0%;}.elementor-widget-heading .elementor-heading-title{font-size:var( --e-global-typography-primary-font-size );}.elementor-248 .elementor-element.elementor-element-4a610208{padding:50px 20px 80px 20px;}}@media(max-width:767px){.elementor-248 .elementor-element.elementor-element-7661ebfb > .elementor-element-populated{padding:0px 10px 0px 10px;}.elementor-widget-heading .elementor-heading-title{font-size:var( --e-global-typography-primary-font-size );}.elementor-248 .elementor-element.elementor-element-4a610208{padding:50px 10px 80px 10px;}.elementor-248 .elementor-element.elementor-element-16bdc92{padding:80px 10px 80px 10px;}}<\/style>\t\t<div data-elementor-type=\"wp-page\" data-elementor-id=\"248\" class=\"elementor elementor-248\">\n\t\t\t\t\t\t<section class=\"elementor-section elementor-top-section elementor-element elementor-element-64363636 elementor-section-height-min-height elementor-section-boxed elementor-section-height-default elementor-section-items-middle\" data-id=\"64363636\" data-element_type=\"section\" data-e-type=\"section\" data-settings=\"{&quot;background_background&quot;:&quot;classic&quot;}\">\n\t\t\t\t\t\t\t<div class=\"elementor-background-overlay\"><\/div>\n\t\t\t\t\t\t\t<div class=\"elementor-container elementor-column-gap-no\">\n\t\t\t\t\t<div class=\"elementor-column elementor-col-100 elementor-top-column elementor-element elementor-element-7661ebfb\" data-id=\"7661ebfb\" data-element_type=\"column\" data-e-type=\"column\">\n\t\t\t<div class=\"elementor-widget-wrap elementor-element-populated\">\n\t\t\t\t\t\t<section class=\"elementor-section elementor-inner-section elementor-element elementor-element-7550ce6b elementor-section-boxed elementor-section-height-default elementor-section-height-default\" data-id=\"7550ce6b\" data-element_type=\"section\" data-e-type=\"section\">\n\t\t\t\t\t\t<div class=\"elementor-container elementor-column-gap-no\">\n\t\t\t\t\t<div class=\"elementor-column elementor-col-100 elementor-inner-column elementor-element elementor-element-129eea27\" data-id=\"129eea27\" data-element_type=\"column\" data-e-type=\"column\">\n\t\t\t<div class=\"elementor-widget-wrap elementor-element-populated\">\n\t\t\t\t\t\t<div class=\"elementor-element elementor-element-ffe5348 elementor-icon-list--layout-inline elementor-widget__width-auto elementor-list-item-link-full_width elementor-widget elementor-widget-icon-list\" data-id=\"ffe5348\" data-element_type=\"widget\" data-e-type=\"widget\" data-widget_type=\"icon-list.default\">\n\t\t\t\t\t\t\t<ul class=\"elementor-icon-list-items elementor-inline-items\">\n\t\t\t\t\t\t\t<li class=\"elementor-icon-list-item elementor-inline-item\">\n\t\t\t\t\t\t\t\t\t\t<span class=\"elementor-icon-list-text\">HOME<\/span>\n\t\t\t\t\t\t\t\t\t<\/li>\n\t\t\t\t\t\t\t\t<li class=\"elementor-icon-list-item elementor-inline-item\">\n\t\t\t\t\t\t\t\t\t\t\t<span class=\"elementor-icon-list-icon\">\n\t\t\t\t\t\t\t<svg aria-hidden=\"true\" class=\"e-font-icon-svg e-fas-chevron-circle-right\" viewBox=\"0 0 512 512\" xmlns=\"http:\/\/www.w3.org\/2000\/svg\"><path d=\"M256 8c137 0 248 111 248 248S393 504 256 504 8 393 8 256 119 8 256 8zm113.9 231L234.4 103.5c-9.4-9.4-24.6-9.4-33.9 0l-17 17c-9.4 9.4-9.4 24.6 0 33.9L285.1 256 183.5 357.6c-9.4 9.4-9.4 24.6 0 33.9l17 17c9.4 9.4 24.6 9.4 33.9 0L369.9 273c9.4-9.4 9.4-24.6 0-34z\"><\/path><\/svg>\t\t\t\t\t\t<\/span>\n\t\t\t\t\t\t\t\t\t\t<span class=\"elementor-icon-list-text\">TERMS AND CONDITIONS<\/span>\n\t\t\t\t\t\t\t\t\t<\/li>\n\t\t\t\t\t\t<\/ul>\n\t\t\t\t\t\t<\/div>\n\t\t\t\t<div class=\"elementor-element elementor-element-3eb7b84a elementor-widget elementor-widget-heading\" data-id=\"3eb7b84a\" data-element_type=\"widget\" data-e-type=\"widget\" data-widget_type=\"heading.default\">\n\t\t\t\t\t<h2 class=\"elementor-heading-title elementor-size-default\">SCOPRI I NOSTRI TERMINI<\/h2>\t\t\t\t<\/div>\n\t\t\t\t\t<\/div>\n\t\t<\/div>\n\t\t\t\t\t<\/div>\n\t\t<\/section>\n\t\t\t\t\t<\/div>\n\t\t<\/div>\n\t\t\t\t\t<\/div>\n\t\t<\/section>\n\t\t\t\t<section class=\"elementor-section elementor-top-section elementor-element elementor-element-4a610208 elementor-section-boxed elementor-section-height-default elementor-section-height-default\" data-id=\"4a610208\" data-element_type=\"section\" data-e-type=\"section\">\n\t\t\t\t\t\t<div class=\"elementor-container elementor-column-gap-no\">\n\t\t\t\t\t<div class=\"elementor-column elementor-col-100 elementor-top-column elementor-element elementor-element-562acc08\" data-id=\"562acc08\" data-element_type=\"column\" data-e-type=\"column\">\n\t\t\t<div class=\"elementor-widget-wrap elementor-element-populated\">\n\t\t\t\t\t\t<section class=\"elementor-section elementor-inner-section elementor-element elementor-element-6893490a elementor-section-boxed elementor-section-height-default elementor-section-height-default\" data-id=\"6893490a\" data-element_type=\"section\" data-e-type=\"section\">\n\t\t\t\t\t\t<div class=\"elementor-container elementor-column-gap-no\">\n\t\t\t\t\t<div class=\"elementor-column elementor-col-100 elementor-inner-column elementor-element elementor-element-59d41ad9\" data-id=\"59d41ad9\" data-element_type=\"column\" data-e-type=\"column\">\n\t\t\t<div class=\"elementor-widget-wrap elementor-element-populated\">\n\t\t\t\t\t\t<div class=\"elementor-element elementor-element-6a55ed48 elementor-widget elementor-widget-heading\" data-id=\"6a55ed48\" data-element_type=\"widget\" data-e-type=\"widget\" data-widget_type=\"heading.default\">\n\t\t\t\t\t<h2 class=\"elementor-heading-title elementor-size-default\">TERMS AND CONDITIONS<\/h2>\t\t\t\t<\/div>\n\t\t\t\t<div class=\"elementor-element elementor-element-47ed642b elementor-widget__width-initial elementor-widget elementor-widget-text-editor\" data-id=\"47ed642b\" data-element_type=\"widget\" data-e-type=\"widget\" data-widget_type=\"text-editor.default\">\n\t\t\t\t\t\t\t\t\t<h6 class=\"font_6 wixui-rich-text__text\"><span class=\"wixui-rich-text__text\"><span class=\"color_15 wixui-rich-text__text\">Duemilauno Tour S.r.l.<\/span><\/span><\/h6><p class=\"font_8 wixui-rich-text__text\"><span class=\"color_15 wixui-rich-text__text\"><span class=\"wixui-rich-text__text\">via Cremona n\u00b0 210 &#8211; 25124 Brescia (BS)<\/span><\/span><\/p><p class=\"font_8 wixui-rich-text__text\"><span class=\"color_15 wixui-rich-text__text\"><span class=\"wixui-rich-text__text\">Iscrizione al Registro delle Imprese di: Brescia numero REA BS-333895<\/span><\/span><\/p><p class=\"font_8 wixui-rich-text__text\"><span class=\"color_15 wixui-rich-text__text\"><span class=\"wixui-rich-text__text\">Capitale Sociale interamente versato: \u20ac 10.000,00<\/span><\/span><\/p><p class=\"font_8 wixui-rich-text__text\">\u00a0<\/p><h6 class=\"font_6 wixui-rich-text__text\"><span class=\"color_15 wixui-rich-text__text\"><span class=\"wixui-rich-text__text\">Termini e Condizioni<\/span><\/span><\/h6><h6 class=\"font_6 wixui-rich-text__text\"><span class=\"color_15 wixui-rich-text__text\"><span class=\"wixui-rich-text__text\"><span class=\"wixGuard wixui-rich-text__text\">\u200b<\/span><\/span><\/span><\/h6><p class=\"font_8 wixui-rich-text__text\"><span class=\"color_15 wixui-rich-text__text\"><span class=\"wixui-rich-text__text\">I seguenti Termini e Condizioni sono relative al sito italiano\u00a0<a class=\"wixui-rich-text__text\" href=\"https:\/\/www.duemilaunotour.com\/\" target=\"_self\">www.duemilaunotour.com<\/a>. L&#8217;accesso e la navigazione nel sito costituiscono accettazione di tali termini.<\/span><\/span><\/p><p class=\"font_8 wixui-rich-text__text\"><span class=\"color_15 wixui-rich-text__text\"><span class=\"wixui-rich-text__text\">Il contenuto di questo sito web \u00e8 protetto da copyright e nessuna parte di esso pu\u00f2 essere riprodotta in alcuna forma, n\u00e9 utilizzato per scopi diversi, salvo esplicita autorizzazione scritta\u00a0<\/span><span class=\"wixui-rich-text__text\">di Duemilauno Tour S.r.l.<\/span><\/span><\/p><p class=\"font_8 wixui-rich-text__text\">\u00a0<\/p><p class=\"font_8 wixui-rich-text__text\"><span class=\"color_15 wixui-rich-text__text\"><span class=\"wixui-rich-text__text\">E\u2019 possibile stampare o scaricare il testo visibile nel sito per scopi personali e non commerciali, inclusi, ma non limitato a, struttura, fogli di stile e codici di programma.<\/span><\/span><\/p><p class=\"font_8 wixui-rich-text__text\"><span class=\"color_15 wixui-rich-text__text\"><span class=\"wixui-rich-text__text\">Duemilauno Tour S.r.l. declina ogni responsabilit\u00e0 per eventuali errori e omissioni presenti sul sito\u00a0<a class=\"wixui-rich-text__text\" href=\"https:\/\/www.duemilaunotour.com\/\" target=\"_self\">www.duemilaunotour.com<\/a>. Il design, le specifiche ed i prezzi possono cambiare senza preavviso.<\/span><\/span><\/p>\t\t\t\t\t\t\t\t<\/div>\n\t\t\t\t\t<\/div>\n\t\t<\/div>\n\t\t\t\t\t<\/div>\n\t\t<\/section>\n\t\t\t\t\t<\/div>\n\t\t<\/div>\n\t\t\t\t\t<\/div>\n\t\t<\/section>\n\t\t\t\t<section class=\"elementor-section elementor-top-section elementor-element elementor-element-16bdc92 elementor-section-boxed elementor-section-height-default elementor-section-height-default\" data-id=\"16bdc92\" data-element_type=\"section\" data-e-type=\"section\" data-settings=\"{&quot;background_background&quot;:&quot;classic&quot;}\">\n\t\t\t\t\t\t\t<div class=\"elementor-background-overlay\"><\/div>\n\t\t\t\t\t\t\t<div class=\"elementor-container elementor-column-gap-no\">\n\t\t\t\t\t<div class=\"elementor-column elementor-col-100 elementor-top-column elementor-element elementor-element-0ee70ed\" data-id=\"0ee70ed\" data-element_type=\"column\" data-e-type=\"column\">\n\t\t\t<div class=\"elementor-widget-wrap elementor-element-populated\">\n\t\t\t\t\t\t<div class=\"elementor-element elementor-element-a0c13c9 elementor-widget elementor-widget-heading\" data-id=\"a0c13c9\" data-element_type=\"widget\" data-e-type=\"widget\" data-widget_type=\"heading.default\">\n\t\t\t\t\t<h2 class=\"elementor-heading-title elementor-size-default\">CONTATTACI<\/h2>\t\t\t\t<\/div>\n\t\t\t\t<div class=\"elementor-element elementor-element-40157c2 elementor-widget elementor-widget-text-editor\" data-id=\"40157c2\" data-element_type=\"widget\" data-e-type=\"widget\" data-widget_type=\"text-editor.default\">\n\t\t\t\t\t\t\t\t\t<p>Scopri di pi\u00f9 grazie al nostro team che ti aiuter\u00e1 a pianificare e prenotare la tua vacanza perfetta!\u00a0<\/p>\t\t\t\t\t\t\t\t<\/div>\n\t\t\t\t<div class=\"elementor-element elementor-element-cb70d1a elementor-widget elementor-widget-jkit_button\" data-id=\"cb70d1a\" data-element_type=\"widget\" data-e-type=\"widget\" data-widget_type=\"jkit_button.default\">\n\t\t\t\t\t<div  class=\"jeg-elementor-kit jkit-button  icon-position-after jeg_module___6a0465f1aecca\" ><a href=\"#\" class=\"jkit-button-wrapper\">CONTATTACI<\/a><\/div>\t\t\t\t<\/div>\n\t\t\t\t\t<\/div>\n\t\t<\/div>\n\t\t\t\t\t<\/div>\n\t\t<\/section>\n\t\t<div class=\"elementor-element elementor-element-92163c7 e-flex e-con-boxed e-con e-parent\" data-id=\"92163c7\" data-element_type=\"container\" data-e-type=\"container\">\n\t\t\t\t\t<div class=\"e-con-inner\">\n\t\t\t\t<div class=\"elementor-element elementor-element-c0885a6 elementor-widget elementor-widget-spacer\" data-id=\"c0885a6\" data-element_type=\"widget\" data-e-type=\"widget\" data-widget_type=\"spacer.default\">\n\t\t\t\t\t\t\t<div class=\"elementor-spacer\">\n\t\t\t<div class=\"elementor-spacer-inner\"><\/div>\n\t\t<\/div>\n\t\t\t\t\t\t<\/div>\n\t\t\t\t\t<\/div>\n\t\t\t\t<\/div>\n\t\t\t\t<\/div>\n\t\t","protected":false},"excerpt":{"rendered":"<p>HOME TERMS AND CONDITIONS SCOPRI I NOSTRI TERMINI TERMS AND CONDITIONS Duemilauno Tour S.r.l. via Cremona n\u00b0 210 &#8211; 25124 Brescia (BS) Iscrizione al Registro delle Imprese di: Brescia numero REA BS-333895 Capitale Sociale interamente versato: \u20ac 10.000,00 \u00a0 Termini e Condizioni \u200b I seguenti Termini e Condizioni sono relative al sito italiano\u00a0www.duemilaunotour.com. L&#8217;accesso e [&hellip;]<\/p>\n","protected":false},"author":1,"featured_media":0,"parent":0,"menu_order":0,"comment_status":"closed","ping_status":"closed","template":"","meta":{"footnotes":""},"class_list":["post-248","page","type-page","status-publish","hentry"],"_links":{"self":[{"href":"https:\/\/duemilaunotour.it\/index.php\/wp-json\/wp\/v2\/pages\/248","targetHints":{"allow":["GET"]}}],"collection":[{"href":"https:\/\/duemilaunotour.it\/index.php\/wp-json\/wp\/v2\/pages"}],"about":[{"href":"https:\/\/duemilaunotour.it\/index.php\/wp-json\/wp\/v2\/types\/page"}],"author":[{"embeddable":true,"href":"https:\/\/duemilaunotour.it\/index.php\/wp-json\/wp\/v2\/users\/1"}],"replies":[{"embeddable":true,"href":"https:\/\/duemilaunotour.it\/index.php\/wp-json\/wp\/v2\/comments?post=248"}],"version-history":[{"count":4,"href":"https:\/\/duemilaunotour.it\/index.php\/wp-json\/wp\/v2\/pages\/248\/revisions"}],"predecessor-version":[{"id":252,"href":"https:\/\/duemilaunotour.it\/index.php\/wp-json\/wp\/v2\/pages\/248\/revisions\/252"}],"wp:attachment":[{"href":"https:\/\/duemilaunotour.it\/index.php\/wp-json\/wp\/v2\/media?parent=248"}],"curies":[{"name":"wp","href":"https:\/\/api.w.org\/{rel}","templated":true}]}}