{"id":624,"date":"2026-04-02T19:21:05","date_gmt":"2026-04-02T19:21:05","guid":{"rendered":"https:\/\/duemilaunotour.it\/?page_id=624"},"modified":"2026-04-02T19:52:33","modified_gmt":"2026-04-02T19:52:33","slug":"new_york","status":"publish","type":"page","link":"https:\/\/duemilaunotour.it\/index.php\/new_york\/","title":{"rendered":"NEW_YORK"},"content":{"rendered":"<style>.elementor-624 .elementor-element.elementor-element-2e6ea553 > .elementor-container{max-width:1000px;}.elementor-624 .elementor-element.elementor-element-2e6ea553:not(.elementor-motion-effects-element-type-background), .elementor-624 .elementor-element.elementor-element-2e6ea553 > .elementor-motion-effects-container > .elementor-motion-effects-layer{background-color:#000000;background-image:url(\"https:\/\/duemilaunotour.it\/wp-content\/uploads\/2026\/04\/Screenshot-2026-04-02-at-9.27.26-PM.png\");background-position:center center;background-repeat:no-repeat;background-size:cover;}.elementor-624 .elementor-element.elementor-element-2e6ea553 > .elementor-background-overlay{background-color:#000000;opacity:0.49;transition:background 0.3s, border-radius 0.3s, opacity 0.3s;}.elementor-624 .elementor-element.elementor-element-2e6ea553{transition:background 0.3s, border 0.3s, border-radius 0.3s, box-shadow 0.3s;padding:140px 0px 0px 0px;}.elementor-widget-image .widget-image-caption{color:var( --e-global-color-text );font-family:var( --e-global-typography-text-font-family ), Sans-serif;font-weight:var( --e-global-typography-text-font-weight );}.elementor-624 .elementor-element.elementor-element-20af5ad > .elementor-container{max-width:800px;}.elementor-624 .elementor-element.elementor-element-20af5ad{margin-top:150px;margin-bottom:0px;padding:40px 0px 80px 0px;}.elementor-widget-divider{--divider-color:var( --e-global-color-secondary );}.elementor-widget-divider .elementor-divider__text{color:var( --e-global-color-secondary );font-family:var( --e-global-typography-secondary-font-family ), Sans-serif;font-weight:var( --e-global-typography-secondary-font-weight );}.elementor-widget-divider.elementor-view-stacked .elementor-icon{background-color:var( --e-global-color-secondary );}.elementor-widget-divider.elementor-view-framed .elementor-icon, .elementor-widget-divider.elementor-view-default .elementor-icon{color:var( --e-global-color-secondary );border-color:var( --e-global-color-secondary );}.elementor-widget-divider.elementor-view-framed .elementor-icon, .elementor-widget-divider.elementor-view-default .elementor-icon svg{fill:var( --e-global-color-secondary );}.elementor-624 .elementor-element.elementor-element-7d119976{--divider-border-style:solid;--divider-color:#D8D8D8;--divider-border-width:1px;margin:20px 0px calc(var(--kit-widget-spacing, 0px) + 15px) 0px;}.elementor-624 .elementor-element.elementor-element-7d119976 .elementor-divider-separator{width:100%;}.elementor-widget-heading .elementor-heading-title{font-family:var( --e-global-typography-primary-font-family ), Sans-serif;font-size:var( --e-global-typography-primary-font-size );font-weight:var( --e-global-typography-primary-font-weight );color:var( --e-global-color-primary );}.elementor-624 .elementor-element.elementor-element-3bd43c32{margin:0px 0px calc(var(--kit-widget-spacing, 0px) + -3px) 0px;}.elementor-widget-text-editor{font-family:var( --e-global-typography-text-font-family ), Sans-serif;font-weight:var( --e-global-typography-text-font-weight );color:var( --e-global-color-text );}.elementor-widget-text-editor.elementor-drop-cap-view-stacked .elementor-drop-cap{background-color:var( --e-global-color-primary );}.elementor-widget-text-editor.elementor-drop-cap-view-framed .elementor-drop-cap, .elementor-widget-text-editor.elementor-drop-cap-view-default .elementor-drop-cap{color:var( --e-global-color-primary );border-color:var( --e-global-color-primary );}.elementor-624 .elementor-element.elementor-element-26db8687{font-family:var( --e-global-typography-text-font-family ), Sans-serif;font-weight:var( --e-global-typography-text-font-weight );color:var( --e-global-color-text );}.elementor-624 .elementor-element.elementor-element-d9fae34{--e-image-carousel-slides-to-show:4;}.elementor-624 .elementor-element.elementor-element-7f7bd9ac{font-family:var( --e-global-typography-text-font-family ), Sans-serif;font-weight:var( --e-global-typography-text-font-weight );color:var( --e-global-color-text );margin:10px 0px calc(var(--kit-widget-spacing, 0px) + 0px) 0px;}.elementor-624 .elementor-element.elementor-element-a018ae6{--display:flex;}.elementor-624 .elementor-element.elementor-element-731039a{--spacer-size:50px;}:root{--page-title-display:none;}@media(max-width:1024px){.elementor-624 .elementor-element.elementor-element-2e6ea553{padding:120px 20px 0px 20px;}.elementor-624 .elementor-element.elementor-element-20af5ad{padding:40px 20px 80px 20px;}.elementor-widget-heading .elementor-heading-title{font-size:var( --e-global-typography-primary-font-size );}}@media(max-width:767px){.elementor-624 .elementor-element.elementor-element-2e6ea553{padding:120px 10px 0px 10px;}.elementor-624 .elementor-element.elementor-element-20af5ad{padding:20px 10px 80px 10px;}.elementor-widget-heading .elementor-heading-title{font-size:var( --e-global-typography-primary-font-size );}}<\/style>\t\t<div data-elementor-type=\"wp-page\" data-elementor-id=\"624\" class=\"elementor elementor-624\">\n\t\t\t\t\t\t<section class=\"elementor-section elementor-top-section elementor-element elementor-element-2e6ea553 elementor-section-boxed elementor-section-height-default elementor-section-height-default\" data-id=\"2e6ea553\" data-element_type=\"section\" data-e-type=\"section\" data-settings=\"{&quot;background_background&quot;:&quot;classic&quot;}\">\n\t\t\t\t\t\t\t<div class=\"elementor-background-overlay\"><\/div>\n\t\t\t\t\t\t\t<div class=\"elementor-container elementor-column-gap-no\">\n\t\t\t\t\t<div class=\"elementor-column elementor-col-100 elementor-top-column elementor-element elementor-element-3879b05\" data-id=\"3879b05\" data-element_type=\"column\" data-e-type=\"column\">\n\t\t\t<div class=\"elementor-widget-wrap elementor-element-populated\">\n\t\t\t\t\t\t<div class=\"elementor-element elementor-element-5e60b7a elementor-widget elementor-widget-image\" data-id=\"5e60b7a\" data-element_type=\"widget\" data-e-type=\"widget\" data-widget_type=\"image.default\">\n\t\t\t\t\t\t\t\t\t\t\t\t\t\t\t<img fetchpriority=\"high\" decoding=\"async\" width=\"768\" height=\"1024\" src=\"https:\/\/duemilaunotour.it\/wp-content\/uploads\/2026\/04\/ny-768x1024.jpg\" class=\"attachment-medium_large size-medium_large wp-image-621\" alt=\"\" srcset=\"https:\/\/duemilaunotour.it\/wp-content\/uploads\/2026\/04\/ny-768x1024.jpg 768w, https:\/\/duemilaunotour.it\/wp-content\/uploads\/2026\/04\/ny-225x300.jpg 225w, https:\/\/duemilaunotour.it\/wp-content\/uploads\/2026\/04\/ny-1152x1536.jpg 1152w, https:\/\/duemilaunotour.it\/wp-content\/uploads\/2026\/04\/ny-1536x2048.jpg 1536w, https:\/\/duemilaunotour.it\/wp-content\/uploads\/2026\/04\/ny-scaled.jpg 1920w\" sizes=\"(max-width: 768px) 100vw, 768px\" \/>\t\t\t\t\t\t\t\t\t\t\t\t\t\t\t<\/div>\n\t\t\t\t\t<\/div>\n\t\t<\/div>\n\t\t\t\t\t<\/div>\n\t\t<\/section>\n\t\t\t\t<section class=\"elementor-section elementor-top-section elementor-element elementor-element-20af5ad elementor-section-boxed elementor-section-height-default elementor-section-height-default\" data-id=\"20af5ad\" data-element_type=\"section\" data-e-type=\"section\">\n\t\t\t\t\t\t<div class=\"elementor-container elementor-column-gap-no\">\n\t\t\t\t\t<div class=\"elementor-column elementor-col-100 elementor-top-column elementor-element elementor-element-5997af8f\" data-id=\"5997af8f\" data-element_type=\"column\" data-e-type=\"column\">\n\t\t\t<div class=\"elementor-widget-wrap elementor-element-populated\">\n\t\t\t\t\t\t<div class=\"elementor-element elementor-element-7d119976 elementor-widget-divider--view-line elementor-widget elementor-widget-divider\" data-id=\"7d119976\" data-element_type=\"widget\" data-e-type=\"widget\" data-widget_type=\"divider.default\">\n\t\t\t\t\t\t\t<div class=\"elementor-divider\">\n\t\t\t<span class=\"elementor-divider-separator\">\n\t\t\t\t\t\t<\/span>\n\t\t<\/div>\n\t\t\t\t\t\t<\/div>\n\t\t\t\t<div class=\"elementor-element elementor-element-3bd43c32 elementor-widget elementor-widget-heading\" data-id=\"3bd43c32\" data-element_type=\"widget\" data-e-type=\"widget\" data-widget_type=\"heading.default\">\n\t\t\t\t\t<h3 class=\"elementor-heading-title elementor-size-default\">NEW YORK<\/h3>\t\t\t\t<\/div>\n\t\t\t\t<div class=\"elementor-element elementor-element-26db8687 elementor-widget elementor-widget-text-editor\" data-id=\"26db8687\" data-element_type=\"widget\" data-e-type=\"widget\" data-widget_type=\"text-editor.default\">\n\t\t\t\t\t\t\t\t\t<p class=\"ds-markdown-paragraph\"><strong>\ud83d\uddfd Eccoci a New York!<\/strong><\/p><p class=\"ds-markdown-paragraph\">C\u2019\u00e8 una citt\u00e0 che non dorme mai, e quando la vivi davvero, capisci perch\u00e9.<\/p><p class=\"ds-markdown-paragraph\">New York ti prende, ti accoglie, ti travolge. Con le sue mille luci che si riflettono nei vetri dei grattacieli, gli spazi verdi che regalano respiro nel caos, i musei che ti lasciano a bocca aperta, i quartieri che cambiano volto a ogni angolo, i negozi insoliti, le gallerie che profumano di arte e una vita notturna che sa essere elegante, ribelle o semplicemente magica.<\/p><p class=\"ds-markdown-paragraph\">Fa freddo? S\u00ec. Le gambe pesano? Assolutamente. Ma non smetteresti mai di viverla, questa citt\u00e0. Perch\u00e9 ogni passo regala un\u2019emozione.<\/p><p class=\"ds-markdown-paragraph\">Noi, nei nostri quattro giorni intensissimi, abbiamo fatto tutto quello che si poteva fare\u2026 e anche qualcosa in pi\u00f9:<\/p><p class=\"ds-markdown-paragraph\">\ud83c\udf43 Abbiamo passeggiato in\u00a0<strong>Central Park<\/strong>\u00a0come se fosse il nostro giardino segreto, tra ponti di legno e skyline lontani.<\/p><p class=\"ds-markdown-paragraph\">\ud83c\udf09 Abbiamo attraversato il\u00a0<strong>Ponte di Brooklyn<\/strong>\u00a0partendo da\u00a0<strong>Dumbo<\/strong>, un angolo di Brooklyn colorato di murales, arte e vita vera.<\/p><p class=\"ds-markdown-paragraph\">\ud83d\uddfd Abbiamo salutato la\u00a0<strong>Statua della Libert\u00e0<\/strong>\u00a0dal mare, in una crociera che sapeva di sogno americano.<\/p><p class=\"ds-markdown-paragraph\">\ud83c\udfa8 Abbiamo varcato le porte del\u00a0<strong>MET<\/strong>, e ci siamo persi (volontariamente) tra secoli d\u2019arte, stupore e silenzio.<\/p><p class=\"ds-markdown-paragraph\">\ud83c\udfb6 Abbiamo ballato e cantato fino a tardi al\u00a0<strong>The Groove<\/strong>, nel cuore del\u00a0<strong>Village<\/strong>, come se nessuno stesse guardando.<\/p>\t\t\t\t\t\t\t\t<\/div>\n\t\t\t\t<div class=\"elementor-element elementor-element-d9fae34 elementor-arrows-position-inside elementor-pagination-position-outside elementor-widget elementor-widget-image-carousel\" data-id=\"d9fae34\" data-element_type=\"widget\" data-e-type=\"widget\" data-settings=\"{&quot;slides_to_show&quot;:&quot;4&quot;,&quot;slides_to_scroll&quot;:&quot;4&quot;,&quot;navigation&quot;:&quot;both&quot;,&quot;autoplay&quot;:&quot;yes&quot;,&quot;pause_on_hover&quot;:&quot;yes&quot;,&quot;pause_on_interaction&quot;:&quot;yes&quot;,&quot;autoplay_speed&quot;:5000,&quot;infinite&quot;:&quot;yes&quot;,&quot;speed&quot;:500}\" data-widget_type=\"image-carousel.default\">\n\t\t\t\t\t\t\t<div class=\"elementor-image-carousel-wrapper swiper\" role=\"region\" aria-roledescription=\"carousel\" aria-label=\"Image Carousel\" dir=\"ltr\">\n\t\t\t<div class=\"elementor-image-carousel swiper-wrapper\" aria-live=\"off\">\n\t\t\t\t\t\t\t\t<div class=\"swiper-slide\" role=\"group\" aria-roledescription=\"slide\" aria-label=\"1 of 24\"><figure class=\"swiper-slide-inner\"><img decoding=\"async\" class=\"swiper-slide-image\" src=\"https:\/\/duemilaunotour.it\/wp-content\/uploads\/2026\/04\/WhatsApp-Image-2026-04-02-at-5.53.25-PM-1-135x300.jpeg\" alt=\"WhatsApp Image 2026-04-02 at 5.53.25\u202fPM (1)\" \/><\/figure><\/div><div class=\"swiper-slide\" role=\"group\" aria-roledescription=\"slide\" aria-label=\"2 of 24\"><figure class=\"swiper-slide-inner\"><img decoding=\"async\" class=\"swiper-slide-image\" src=\"https:\/\/duemilaunotour.it\/wp-content\/uploads\/2026\/04\/WhatsApp-Image-2026-04-02-at-5.53.25-PM-135x300.jpeg\" alt=\"WhatsApp Image 2026-04-02 at 5.53.25\u202fPM\" \/><\/figure><\/div><div class=\"swiper-slide\" role=\"group\" aria-roledescription=\"slide\" aria-label=\"3 of 24\"><figure class=\"swiper-slide-inner\"><img decoding=\"async\" class=\"swiper-slide-image\" src=\"https:\/\/duemilaunotour.it\/wp-content\/uploads\/2026\/04\/WhatsApp-Image-2026-04-02-at-5.53.24-PM-1-135x300.jpeg\" alt=\"WhatsApp Image 2026-04-02 at 5.53.24\u202fPM (1)\" \/><\/figure><\/div><div class=\"swiper-slide\" role=\"group\" aria-roledescription=\"slide\" aria-label=\"4 of 24\"><figure class=\"swiper-slide-inner\"><img decoding=\"async\" class=\"swiper-slide-image\" src=\"https:\/\/duemilaunotour.it\/wp-content\/uploads\/2026\/04\/WhatsApp-Image-2026-04-02-at-5.53.24-PM-135x300.jpeg\" alt=\"WhatsApp Image 2026-04-02 at 5.53.24\u202fPM\" \/><\/figure><\/div><div class=\"swiper-slide\" role=\"group\" aria-roledescription=\"slide\" aria-label=\"5 of 24\"><figure class=\"swiper-slide-inner\"><img decoding=\"async\" class=\"swiper-slide-image\" src=\"https:\/\/duemilaunotour.it\/wp-content\/uploads\/2026\/04\/WhatsApp-Image-2026-04-02-at-5.53.23-PM-5-135x300.jpeg\" alt=\"WhatsApp Image 2026-04-02 at 5.53.23\u202fPM (5)\" \/><\/figure><\/div><div class=\"swiper-slide\" role=\"group\" aria-roledescription=\"slide\" aria-label=\"6 of 24\"><figure class=\"swiper-slide-inner\"><img decoding=\"async\" class=\"swiper-slide-image\" src=\"https:\/\/duemilaunotour.it\/wp-content\/uploads\/2026\/04\/WhatsApp-Image-2026-04-02-at-5.53.23-PM-4-135x300.jpeg\" alt=\"WhatsApp Image 2026-04-02 at 5.53.23\u202fPM (4)\" \/><\/figure><\/div><div class=\"swiper-slide\" role=\"group\" aria-roledescription=\"slide\" aria-label=\"7 of 24\"><figure class=\"swiper-slide-inner\"><img decoding=\"async\" class=\"swiper-slide-image\" src=\"https:\/\/duemilaunotour.it\/wp-content\/uploads\/2026\/04\/WhatsApp-Image-2026-04-02-at-5.53.23-PM-3-135x300.jpeg\" alt=\"WhatsApp Image 2026-04-02 at 5.53.23\u202fPM (3)\" \/><\/figure><\/div><div class=\"swiper-slide\" role=\"group\" aria-roledescription=\"slide\" aria-label=\"8 of 24\"><figure class=\"swiper-slide-inner\"><img decoding=\"async\" class=\"swiper-slide-image\" src=\"https:\/\/duemilaunotour.it\/wp-content\/uploads\/2026\/04\/WhatsApp-Image-2026-04-02-at-5.53.23-PM-2-169x300.jpeg\" alt=\"WhatsApp Image 2026-04-02 at 5.53.23\u202fPM (2)\" \/><\/figure><\/div><div class=\"swiper-slide\" role=\"group\" aria-roledescription=\"slide\" aria-label=\"9 of 24\"><figure class=\"swiper-slide-inner\"><img decoding=\"async\" class=\"swiper-slide-image\" src=\"https:\/\/duemilaunotour.it\/wp-content\/uploads\/2026\/04\/WhatsApp-Image-2026-04-02-at-5.53.23-PM-1-135x300.jpeg\" alt=\"WhatsApp Image 2026-04-02 at 5.53.23\u202fPM (1)\" \/><\/figure><\/div><div class=\"swiper-slide\" role=\"group\" aria-roledescription=\"slide\" aria-label=\"10 of 24\"><figure class=\"swiper-slide-inner\"><img decoding=\"async\" class=\"swiper-slide-image\" src=\"https:\/\/duemilaunotour.it\/wp-content\/uploads\/2026\/04\/WhatsApp-Image-2026-04-02-at-5.53.23-PM-135x300.jpeg\" alt=\"WhatsApp Image 2026-04-02 at 5.53.23\u202fPM\" \/><\/figure><\/div><div class=\"swiper-slide\" role=\"group\" aria-roledescription=\"slide\" aria-label=\"11 of 24\"><figure class=\"swiper-slide-inner\"><img decoding=\"async\" class=\"swiper-slide-image\" src=\"https:\/\/duemilaunotour.it\/wp-content\/uploads\/2026\/04\/WhatsApp-Image-2026-04-02-at-5.53.22-PM-3-135x300.jpeg\" alt=\"WhatsApp Image 2026-04-02 at 5.53.22\u202fPM (3)\" \/><\/figure><\/div><div class=\"swiper-slide\" role=\"group\" aria-roledescription=\"slide\" aria-label=\"12 of 24\"><figure class=\"swiper-slide-inner\"><img decoding=\"async\" class=\"swiper-slide-image\" src=\"https:\/\/duemilaunotour.it\/wp-content\/uploads\/2026\/04\/WhatsApp-Image-2026-04-02-at-5.53.22-PM-2-135x300.jpeg\" alt=\"WhatsApp Image 2026-04-02 at 5.53.22\u202fPM (2)\" \/><\/figure><\/div><div class=\"swiper-slide\" role=\"group\" aria-roledescription=\"slide\" aria-label=\"13 of 24\"><figure class=\"swiper-slide-inner\"><img decoding=\"async\" class=\"swiper-slide-image\" src=\"https:\/\/duemilaunotour.it\/wp-content\/uploads\/2026\/04\/WhatsApp-Image-2026-04-02-at-5.53.22-PM-1-225x300.jpeg\" alt=\"WhatsApp Image 2026-04-02 at 5.53.22\u202fPM (1)\" \/><\/figure><\/div><div class=\"swiper-slide\" role=\"group\" aria-roledescription=\"slide\" aria-label=\"14 of 24\"><figure class=\"swiper-slide-inner\"><img decoding=\"async\" class=\"swiper-slide-image\" src=\"https:\/\/duemilaunotour.it\/wp-content\/uploads\/2026\/04\/WhatsApp-Image-2026-04-02-at-5.53.22-PM-135x300.jpeg\" alt=\"WhatsApp Image 2026-04-02 at 5.53.22\u202fPM\" \/><\/figure><\/div><div class=\"swiper-slide\" role=\"group\" aria-roledescription=\"slide\" aria-label=\"15 of 24\"><figure class=\"swiper-slide-inner\"><img decoding=\"async\" class=\"swiper-slide-image\" src=\"https:\/\/duemilaunotour.it\/wp-content\/uploads\/2026\/04\/WhatsApp-Image-2026-04-02-at-5.53.21-PM-4-225x300.jpeg\" alt=\"WhatsApp Image 2026-04-02 at 5.53.21\u202fPM (4)\" \/><\/figure><\/div><div class=\"swiper-slide\" role=\"group\" aria-roledescription=\"slide\" aria-label=\"16 of 24\"><figure class=\"swiper-slide-inner\"><img decoding=\"async\" class=\"swiper-slide-image\" src=\"https:\/\/duemilaunotour.it\/wp-content\/uploads\/2026\/04\/WhatsApp-Image-2026-04-02-at-5.53.21-PM-3-150x300.jpeg\" alt=\"WhatsApp Image 2026-04-02 at 5.53.21\u202fPM (3)\" \/><\/figure><\/div><div class=\"swiper-slide\" role=\"group\" aria-roledescription=\"slide\" aria-label=\"17 of 24\"><figure class=\"swiper-slide-inner\"><img decoding=\"async\" class=\"swiper-slide-image\" src=\"https:\/\/duemilaunotour.it\/wp-content\/uploads\/2026\/04\/WhatsApp-Image-2026-04-02-at-5.53.21-PM-2-145x300.jpeg\" alt=\"WhatsApp Image 2026-04-02 at 5.53.21\u202fPM (2)\" \/><\/figure><\/div><div class=\"swiper-slide\" role=\"group\" aria-roledescription=\"slide\" aria-label=\"18 of 24\"><figure class=\"swiper-slide-inner\"><img decoding=\"async\" class=\"swiper-slide-image\" src=\"https:\/\/duemilaunotour.it\/wp-content\/uploads\/2026\/04\/WhatsApp-Image-2026-04-02-at-5.53.21-PM-1-135x300.jpeg\" alt=\"WhatsApp Image 2026-04-02 at 5.53.21\u202fPM (1)\" \/><\/figure><\/div><div class=\"swiper-slide\" role=\"group\" aria-roledescription=\"slide\" aria-label=\"19 of 24\"><figure class=\"swiper-slide-inner\"><img decoding=\"async\" class=\"swiper-slide-image\" src=\"https:\/\/duemilaunotour.it\/wp-content\/uploads\/2026\/04\/WhatsApp-Image-2026-04-02-at-5.53.21-PM-135x300.jpeg\" alt=\"WhatsApp Image 2026-04-02 at 5.53.21\u202fPM\" \/><\/figure><\/div><div class=\"swiper-slide\" role=\"group\" aria-roledescription=\"slide\" aria-label=\"20 of 24\"><figure class=\"swiper-slide-inner\"><img decoding=\"async\" class=\"swiper-slide-image\" src=\"https:\/\/duemilaunotour.it\/wp-content\/uploads\/2026\/04\/WhatsApp-Image-2026-04-02-at-5.53.20-PM-4-225x300.jpeg\" alt=\"WhatsApp Image 2026-04-02 at 5.53.20\u202fPM (4)\" \/><\/figure><\/div><div class=\"swiper-slide\" role=\"group\" aria-roledescription=\"slide\" aria-label=\"21 of 24\"><figure class=\"swiper-slide-inner\"><img decoding=\"async\" class=\"swiper-slide-image\" src=\"https:\/\/duemilaunotour.it\/wp-content\/uploads\/2026\/04\/WhatsApp-Image-2026-04-02-at-5.53.20-PM-3-135x300.jpeg\" alt=\"WhatsApp Image 2026-04-02 at 5.53.20\u202fPM (3)\" \/><\/figure><\/div><div class=\"swiper-slide\" role=\"group\" aria-roledescription=\"slide\" aria-label=\"22 of 24\"><figure class=\"swiper-slide-inner\"><img decoding=\"async\" class=\"swiper-slide-image\" src=\"https:\/\/duemilaunotour.it\/wp-content\/uploads\/2026\/04\/WhatsApp-Image-2026-04-02-at-5.53.20-PM-2-135x300.jpeg\" alt=\"WhatsApp Image 2026-04-02 at 5.53.20\u202fPM (2)\" \/><\/figure><\/div><div class=\"swiper-slide\" role=\"group\" aria-roledescription=\"slide\" aria-label=\"23 of 24\"><figure class=\"swiper-slide-inner\"><img decoding=\"async\" class=\"swiper-slide-image\" src=\"https:\/\/duemilaunotour.it\/wp-content\/uploads\/2026\/04\/WhatsApp-Image-2026-04-02-at-5.53.20-PM-1-135x300.jpeg\" alt=\"WhatsApp Image 2026-04-02 at 5.53.20\u202fPM (1)\" \/><\/figure><\/div><div class=\"swiper-slide\" role=\"group\" aria-roledescription=\"slide\" aria-label=\"24 of 24\"><figure class=\"swiper-slide-inner\"><img decoding=\"async\" class=\"swiper-slide-image\" src=\"https:\/\/duemilaunotour.it\/wp-content\/uploads\/2026\/04\/WhatsApp-Image-2026-04-02-at-5.53.20-PM-225x300.jpeg\" alt=\"WhatsApp Image 2026-04-02 at 5.53.20\u202fPM\" \/><\/figure><\/div>\t\t\t<\/div>\n\t\t\t\t\t\t\t\t\t\t\t\t<div class=\"elementor-swiper-button elementor-swiper-button-prev\" role=\"button\" tabindex=\"0\">\n\t\t\t\t\t\t<svg aria-hidden=\"true\" class=\"e-font-icon-svg e-eicon-chevron-left\" viewBox=\"0 0 1000 1000\" xmlns=\"http:\/\/www.w3.org\/2000\/svg\"><path d=\"M646 125C629 125 613 133 604 142L308 442C296 454 292 471 292 487 292 504 296 521 308 533L604 854C617 867 629 875 646 875 663 875 679 871 692 858 704 846 713 829 713 812 713 796 708 779 692 767L438 487 692 225C700 217 708 204 708 187 708 171 704 154 692 142 675 129 663 125 646 125Z\"><\/path><\/svg>\t\t\t\t\t<\/div>\n\t\t\t\t\t<div class=\"elementor-swiper-button elementor-swiper-button-next\" role=\"button\" tabindex=\"0\">\n\t\t\t\t\t\t<svg aria-hidden=\"true\" class=\"e-font-icon-svg e-eicon-chevron-right\" viewBox=\"0 0 1000 1000\" xmlns=\"http:\/\/www.w3.org\/2000\/svg\"><path d=\"M696 533C708 521 713 504 713 487 713 471 708 454 696 446L400 146C388 133 375 125 354 125 338 125 325 129 313 142 300 154 292 171 292 187 292 204 296 221 308 233L563 492 304 771C292 783 288 800 288 817 288 833 296 850 308 863 321 871 338 875 354 875 371 875 388 867 400 854L696 533Z\"><\/path><\/svg>\t\t\t\t\t<\/div>\n\t\t\t\t\n\t\t\t\t\t\t\t\t\t<div class=\"swiper-pagination\"><\/div>\n\t\t\t\t\t\t\t\t\t<\/div>\n\t\t\t\t\t\t<\/div>\n\t\t\t\t<div class=\"elementor-element elementor-element-7f7bd9ac elementor-widget elementor-widget-text-editor\" data-id=\"7f7bd9ac\" data-element_type=\"widget\" data-e-type=\"widget\" data-widget_type=\"text-editor.default\">\n\t\t\t\t\t\t\t\t\t<p class=\"ds-markdown-paragraph\">\ud83c\udf03 Abbiamo ammirato la citt\u00e0 dall\u2019<strong>Empire State Building<\/strong>, con il vento che portava su le promesse di chi \u00e8 laggi\u00f9, per strada.<\/p><p class=\"ds-markdown-paragraph\">\ud83d\udd6f\ufe0f Abbiamo vissuto il silenzio potente del\u00a0<strong>Memoriale 9\/11<\/strong>, un luogo che insegna pi\u00f9 di mille parole.<\/p><p class=\"ds-markdown-paragraph\">\u2615 Abbiamo sorseggiato un caff\u00e8 perfetto a\u00a0<strong>Bryant Park<\/strong>, guardando la vita scorrere lenta per una volta.<\/p><p class=\"ds-markdown-paragraph\">\ud83c\udf3f Abbiamo camminato sull\u2019<strong>High Line<\/strong>\u00a0\u2013 anche se non era ancora fiorita \u2013 e non ci \u00e8 importato. Perch\u00e9 l\u2019anima di quel giardino sospeso si sente comunque.<\/p><p class=\"ds-markdown-paragraph\">Ecco, questo \u00e8 stato il nostro viaggio a New York.<br \/>Ma il bello deve ancora venire, perch\u00e9\u00a0<strong>viaggiare in piccoli gruppi<\/strong>\u00a0\u00e8 sempre la scelta giusta: pi\u00f9 leggeri, pi\u00f9 liberi, pi\u00f9 vicini alle emozioni.<\/p><p class=\"ds-markdown-paragraph\">Alla prossima, da Duemilauno Tour.<br \/>E se anche tu vuoi vivere New York \u2013 o qualsiasi altra destinazione \u2013 con noi\u2026 stiamo gi\u00e0 preparando le prossime partenze. \ud83d\udcab<\/p>\t\t\t\t\t\t\t\t<\/div>\n\t\t\t\t\t<\/div>\n\t\t<\/div>\n\t\t\t\t\t<\/div>\n\t\t<\/section>\n\t\t<div class=\"elementor-element elementor-element-a018ae6 e-flex e-con-boxed e-con e-parent\" data-id=\"a018ae6\" data-element_type=\"container\" data-e-type=\"container\">\n\t\t\t\t\t<div class=\"e-con-inner\">\n\t\t\t\t<div class=\"elementor-element elementor-element-731039a elementor-widget elementor-widget-spacer\" data-id=\"731039a\" data-element_type=\"widget\" data-e-type=\"widget\" data-widget_type=\"spacer.default\">\n\t\t\t\t\t\t\t<div class=\"elementor-spacer\">\n\t\t\t<div class=\"elementor-spacer-inner\"><\/div>\n\t\t<\/div>\n\t\t\t\t\t\t<\/div>\n\t\t\t\t\t<\/div>\n\t\t\t\t<\/div>\n\t\t\t\t<\/div>\n\t\t","protected":false},"excerpt":{"rendered":"<p>NEW YORK \ud83d\uddfd Eccoci a New York! C\u2019\u00e8 una citt\u00e0 che non dorme mai, e quando la vivi davvero, capisci perch\u00e9. New York ti prende, ti accoglie, ti travolge. Con le sue mille luci che si riflettono nei vetri dei grattacieli, gli spazi verdi che regalano respiro nel caos, i musei che ti lasciano a [&hellip;]<\/p>\n","protected":false},"author":1,"featured_media":0,"parent":0,"menu_order":0,"comment_status":"closed","ping_status":"closed","template":"","meta":{"footnotes":""},"class_list":["post-624","page","type-page","status-publish","hentry"],"_links":{"self":[{"href":"https:\/\/duemilaunotour.it\/index.php\/wp-json\/wp\/v2\/pages\/624","targetHints":{"allow":["GET"]}}],"collection":[{"href":"https:\/\/duemilaunotour.it\/index.php\/wp-json\/wp\/v2\/pages"}],"about":[{"href":"https:\/\/duemilaunotour.it\/index.php\/wp-json\/wp\/v2\/types\/page"}],"author":[{"embeddable":true,"href":"https:\/\/duemilaunotour.it\/index.php\/wp-json\/wp\/v2\/users\/1"}],"replies":[{"embeddable":true,"href":"https:\/\/duemilaunotour.it\/index.php\/wp-json\/wp\/v2\/comments?post=624"}],"version-history":[{"count":7,"href":"https:\/\/duemilaunotour.it\/index.php\/wp-json\/wp\/v2\/pages\/624\/revisions"}],"predecessor-version":[{"id":727,"href":"https:\/\/duemilaunotour.it\/index.php\/wp-json\/wp\/v2\/pages\/624\/revisions\/727"}],"wp:attachment":[{"href":"https:\/\/duemilaunotour.it\/index.php\/wp-json\/wp\/v2\/media?parent=624"}],"curies":[{"name":"wp","href":"https:\/\/api.w.org\/{rel}","templated":true}]}}